{"id":6263,"date":"2024-05-03T18:07:48","date_gmt":"2024-05-03T13:07:48","guid":{"rendered":"https:\/\/empreinte.flybyhosting.com\/?page_id=6263"},"modified":"2024-05-03T18:40:09","modified_gmt":"2024-05-03T13:40:09","slug":"reserver","status":"publish","type":"page","link":"https:\/\/empreintesexperts.com\/en\/reserver\/","title":{"rendered":"Book"},"content":{"rendered":"<div data-elementor-type=\"wp-page\" data-elementor-id=\"6263\" class=\"elementor elementor-6263\">\n\t\t\t\t<div class=\"elementor-element elementor-element-81cd0dc e-flex e-con-boxed e-con e-parent\" data-id=\"81cd0dc\" data-element_type=\"container\" data-settings=\"{&quot;_ha_eqh_enable&quot;:false}\">\n\t\t\t\t\t<div class=\"e-con-inner\">\n\t\t\t\t<div class=\"elementor-element elementor-element-3b73a26 elementor-widget elementor-widget-bookly-widget-bookly-form\" data-id=\"3b73a26\" data-element_type=\"widget\" data-widget_type=\"bookly-widget-bookly-form.default\">\n\t\t\t\t<div class=\"elementor-widget-container\">\n\t\t\t<!--\nPlugin Name: Bookly \u2013 Responsive WordPress Appointment Booking and Scheduling Plugin\nPlugin URI: https:\/\/www.booking-wp-plugin.com\/?utm_source=bookly_admin&utm_medium=plugins_page&utm_campaign=plugins_page\nVersion: 24.8-->\n<style type=\"text\/css\">\n    :root {\n        --bookly-main-color: #e36b44 !important;\n        --bookly-color: #e36b44 !important;\n    }\n\n    <\/style><div class=\"bookly-css-root\">\n    <div id=\"bookly-form-69d28e025bb59\" class=\"bookly-form\" data-form_id=\"69d28e025bb59\" aria-live=\"polite\">\n        <div style=\"text-align: center\"><img decoding=\"async\" src=\"https:\/\/empreintesexperts.com\/wp-includes\/js\/tinymce\/skins\/lightgray\/img\/loader.gif\" alt=\"Loading...\"\/><\/div>\n    <\/div>\n<\/div>\n<script type=\"text\/javascript\">\n    (function (win, fn) {\n        var done = false, top = true,\n            doc = win.document,\n            root = doc.documentElement,\n            modern = doc.addEventListener,\n            add = modern ? 'addEventListener' : 'attachEvent',\n            rem = modern ? 'removeEventListener' : 'detachEvent',\n            pre = modern ? '' : 'on',\n            init = function (e) {\n                if (e.type == 'readystatechange') if (doc.readyState != 'complete') return;\n                (e.type == 'load' ? win : doc)[rem](pre + e.type, init, false);\n                if (!done) {\n                    done = true;\n                    fn.call(win, e.type || e);\n                }\n            },\n            poll = function () {\n                try {\n                    root.doScroll('left');\n                } catch (e) {\n                    setTimeout(poll, 50);\n                    return;\n                }\n                init('poll');\n            };\n        if (doc.readyState == 'complete') fn.call(win, 'lazy');\n        else {\n            if (!modern) if (root.doScroll) {\n                try {\n                    top = !win.frameElement;\n                } catch (e) {\n                }\n                if (top) poll();\n            }\n            doc[add](pre + 'DOMContentLoaded', init, false);\n            doc[add](pre + 'readystatechange', init, false);\n            win[add](pre + 'load', init, false);\n        }\n    })(window, function () {\n        window.bookly( {\"form_id\":\"69d28e025bb59\",\"status\":{\"booking\":\"new\"},\"skip_steps\":{\"service_part1\":0,\"service_part2\":1,\"extras\":1,\"time\":0,\"repeat\":1,\"cart\":1},\"errors\":{\"session_error\":\"Session error.\",\"form_id_error\":\"Form ID error.\",\"cart_item_not_available\":\"L'heure s\\u00e9lectionn\\u00e9e n'est plus disponible. Merci de choisir un autre cr\\u00e9neau horaire.\",\"pay_locally_not_available\":\"Pay locally is not available.\",\"invalid_gateway\":\"Invalid gateway.\",\"payment_error\":\"Error.\",\"incorrect_username_password\":\"Incorrect username or password.\"},\"form_attributes\":{\"hide_categories\":true,\"hide_services\":false,\"hide_staff_members\":true,\"show_number_of_persons\":false,\"hide_service_duration\":true,\"hide_locations\":true,\"hide_quantity\":true,\"hide_date\":true,\"hide_week_days\":true,\"hide_time_range\":true,\"const_category_id\":-1},\"use_client_time_zone\":0,\"defaults\":{\"service_id\":0,\"staff_id\":0,\"location_id\":0,\"category_id\":-1},\"datepicker_mode\":\"text-accent\"} );\n    });\n<\/script>\t\t<\/div>\n\t\t\t\t<\/div>\n\t\t\t\t\t<\/div>\n\t\t\t\t<\/div>\n\t\t\t\t<\/div>","protected":false},"excerpt":{"rendered":"","protected":false},"author":1,"featured_media":0,"parent":0,"menu_order":0,"comment_status":"closed","ping_status":"closed","template":"","meta":{"content-type":"","footnotes":""},"class_list":["post-6263","page","type-page","status-publish","hentry"],"yoast_head":"<!-- This site is optimized with the Yoast SEO plugin v24.8.1 - https:\/\/yoast.com\/wordpress\/plugins\/seo\/ -->\n<title>R\u00e9server Sans rendez-vous Laval | Empreintes Experts<\/title>\n<meta name=\"description\" content=\"R\u00e9server sans rendez-vous pour : demande de pardon, waiver Citoyennet\u00e9 Canadienne. Montreal, Laval &amp; Rive-Nord. (450) 634-1008\" \/>\n<meta name=\"robots\" content=\"index, follow, max-snippet:-1, max-image-preview:large, max-video-preview:-1\" \/>\n<link rel=\"canonical\" href=\"https:\/\/empreintesexperts.com\/en\/reserver\/\" \/>\n<meta property=\"og:locale\" content=\"en_US\" \/>\n<meta property=\"og:type\" content=\"article\" \/>\n<meta property=\"og:title\" content=\"R\u00e9server Sans rendez-vous Laval | Empreintes Experts\" \/>\n<meta property=\"og:description\" content=\"R\u00e9server sans rendez-vous pour : demande de pardon, waiver Citoyennet\u00e9 Canadienne. Montreal, Laval &amp; Rive-Nord. (450) 634-1008\" \/>\n<meta property=\"og:url\" content=\"https:\/\/empreintesexperts.com\/en\/reserver\/\" \/>\n<meta property=\"og:site_name\" content=\"Empreintes Experts\" \/>\n<meta property=\"article:publisher\" content=\"https:\/\/www.facebook.com\/people\/EmpreintesExperts\/100025624656616\/\" \/>\n<meta property=\"article:modified_time\" content=\"2024-05-03T13:40:09+00:00\" \/>\n<meta name=\"twitter:card\" content=\"summary_large_image\" \/>\n<script type=\"application\/ld+json\" class=\"yoast-schema-graph\">{\"@context\":\"https:\/\/schema.org\",\"@graph\":[{\"@type\":\"WebPage\",\"@id\":\"https:\/\/empreintesexperts.com\/reserver\/\",\"url\":\"https:\/\/empreintesexperts.com\/reserver\/\",\"name\":\"R\u00e9server Sans rendez-vous Laval | Empreintes Experts\",\"isPartOf\":{\"@id\":\"https:\/\/empreintesexperts.com\/#website\"},\"datePublished\":\"2024-05-03T13:07:48+00:00\",\"dateModified\":\"2024-05-03T13:40:09+00:00\",\"description\":\"R\u00e9server sans rendez-vous pour : demande de pardon, waiver Citoyennet\u00e9 Canadienne. Montreal, Laval & Rive-Nord. (450) 634-1008\",\"breadcrumb\":{\"@id\":\"https:\/\/empreintesexperts.com\/reserver\/#breadcrumb\"},\"inLanguage\":\"en-CA\",\"potentialAction\":[{\"@type\":\"ReadAction\",\"target\":[\"https:\/\/empreintesexperts.com\/reserver\/\"]}]},{\"@type\":\"BreadcrumbList\",\"@id\":\"https:\/\/empreintesexperts.com\/reserver\/#breadcrumb\",\"itemListElement\":[{\"@type\":\"ListItem\",\"position\":1,\"name\":\"Home\",\"item\":\"https:\/\/empreintesexperts.com\/\"},{\"@type\":\"ListItem\",\"position\":2,\"name\":\"R\u00e9server\"}]},{\"@type\":\"WebSite\",\"@id\":\"https:\/\/empreintesexperts.com\/#website\",\"url\":\"https:\/\/empreintesexperts.com\/\",\"name\":\"Empreintes Experts\",\"description\":\"Empreintes digitales sans rendez-vous &amp; demande de pardon - Montreal, Laval &amp; Rive-Nord\",\"publisher\":{\"@id\":\"https:\/\/empreintesexperts.com\/#organization\"},\"potentialAction\":[{\"@type\":\"SearchAction\",\"target\":{\"@type\":\"EntryPoint\",\"urlTemplate\":\"https:\/\/empreintesexperts.com\/?s={search_term_string}\"},\"query-input\":{\"@type\":\"PropertyValueSpecification\",\"valueRequired\":true,\"valueName\":\"search_term_string\"}}],\"inLanguage\":\"en-CA\"},{\"@type\":\"Organization\",\"@id\":\"https:\/\/empreintesexperts.com\/#organization\",\"name\":\"Empreintes Experts\",\"url\":\"https:\/\/empreintesexperts.com\/\",\"logo\":{\"@type\":\"ImageObject\",\"inLanguage\":\"en-CA\",\"@id\":\"https:\/\/empreintesexperts.com\/#\/schema\/logo\/image\/\",\"url\":\"https:\/\/empreintesexperts.com\/wp-content\/uploads\/2024\/05\/Logo20modif.png\",\"contentUrl\":\"https:\/\/empreintesexperts.com\/wp-content\/uploads\/2024\/05\/Logo20modif.png\",\"width\":360,\"height\":122,\"caption\":\"Empreintes Experts\"},\"image\":{\"@id\":\"https:\/\/empreintesexperts.com\/#\/schema\/logo\/image\/\"},\"sameAs\":[\"https:\/\/www.facebook.com\/people\/EmpreintesExperts\/100025624656616\/\",\"https:\/\/ca.linkedin.com\/company\/empreintes-experts\"]}]}<\/script>\n<!-- \/ Yoast SEO plugin. -->","yoast_head_json":{"title":"R\u00e9server Sans rendez-vous Laval | Empreintes Experts","description":"R\u00e9server sans rendez-vous pour : demande de pardon, waiver Citoyennet\u00e9 Canadienne. Montreal, Laval & Rive-Nord. (450) 634-1008","robots":{"index":"index","follow":"follow","max-snippet":"max-snippet:-1","max-image-preview":"max-image-preview:large","max-video-preview":"max-video-preview:-1"},"canonical":"https:\/\/empreintesexperts.com\/en\/reserver\/","og_locale":"en_US","og_type":"article","og_title":"R\u00e9server Sans rendez-vous Laval | Empreintes Experts","og_description":"R\u00e9server sans rendez-vous pour : demande de pardon, waiver Citoyennet\u00e9 Canadienne. Montreal, Laval & Rive-Nord. (450) 634-1008","og_url":"https:\/\/empreintesexperts.com\/en\/reserver\/","og_site_name":"Empreintes Experts","article_publisher":"https:\/\/www.facebook.com\/people\/EmpreintesExperts\/100025624656616\/","article_modified_time":"2024-05-03T13:40:09+00:00","twitter_card":"summary_large_image","schema":{"@context":"https:\/\/schema.org","@graph":[{"@type":"WebPage","@id":"https:\/\/empreintesexperts.com\/reserver\/","url":"https:\/\/empreintesexperts.com\/reserver\/","name":"R\u00e9server Sans rendez-vous Laval | Empreintes Experts","isPartOf":{"@id":"https:\/\/empreintesexperts.com\/#website"},"datePublished":"2024-05-03T13:07:48+00:00","dateModified":"2024-05-03T13:40:09+00:00","description":"R\u00e9server sans rendez-vous pour : demande de pardon, waiver Citoyennet\u00e9 Canadienne. Montreal, Laval & Rive-Nord. (450) 634-1008","breadcrumb":{"@id":"https:\/\/empreintesexperts.com\/reserver\/#breadcrumb"},"inLanguage":"en-CA","potentialAction":[{"@type":"ReadAction","target":["https:\/\/empreintesexperts.com\/reserver\/"]}]},{"@type":"BreadcrumbList","@id":"https:\/\/empreintesexperts.com\/reserver\/#breadcrumb","itemListElement":[{"@type":"ListItem","position":1,"name":"Home","item":"https:\/\/empreintesexperts.com\/"},{"@type":"ListItem","position":2,"name":"R\u00e9server"}]},{"@type":"WebSite","@id":"https:\/\/empreintesexperts.com\/#website","url":"https:\/\/empreintesexperts.com\/","name":"Empreintes Experts","description":"Empreintes digitales sans rendez-vous &amp; demande de pardon - Montreal, Laval &amp; Rive-Nord","publisher":{"@id":"https:\/\/empreintesexperts.com\/#organization"},"potentialAction":[{"@type":"SearchAction","target":{"@type":"EntryPoint","urlTemplate":"https:\/\/empreintesexperts.com\/?s={search_term_string}"},"query-input":{"@type":"PropertyValueSpecification","valueRequired":true,"valueName":"search_term_string"}}],"inLanguage":"en-CA"},{"@type":"Organization","@id":"https:\/\/empreintesexperts.com\/#organization","name":"Empreintes Experts","url":"https:\/\/empreintesexperts.com\/","logo":{"@type":"ImageObject","inLanguage":"en-CA","@id":"https:\/\/empreintesexperts.com\/#\/schema\/logo\/image\/","url":"https:\/\/empreintesexperts.com\/wp-content\/uploads\/2024\/05\/Logo20modif.png","contentUrl":"https:\/\/empreintesexperts.com\/wp-content\/uploads\/2024\/05\/Logo20modif.png","width":360,"height":122,"caption":"Empreintes Experts"},"image":{"@id":"https:\/\/empreintesexperts.com\/#\/schema\/logo\/image\/"},"sameAs":["https:\/\/www.facebook.com\/people\/EmpreintesExperts\/100025624656616\/","https:\/\/ca.linkedin.com\/company\/empreintes-experts"]}]}},"_links":{"self":[{"href":"https:\/\/empreintesexperts.com\/en\/wp-json\/wp\/v2\/pages\/6263","targetHints":{"allow":["GET"]}}],"collection":[{"href":"https:\/\/empreintesexperts.com\/en\/wp-json\/wp\/v2\/pages"}],"about":[{"href":"https:\/\/empreintesexperts.com\/en\/wp-json\/wp\/v2\/types\/page"}],"author":[{"embeddable":true,"href":"https:\/\/empreintesexperts.com\/en\/wp-json\/wp\/v2\/users\/1"}],"replies":[{"embeddable":true,"href":"https:\/\/empreintesexperts.com\/en\/wp-json\/wp\/v2\/comments?post=6263"}],"version-history":[{"count":16,"href":"https:\/\/empreintesexperts.com\/en\/wp-json\/wp\/v2\/pages\/6263\/revisions"}],"predecessor-version":[{"id":6279,"href":"https:\/\/empreintesexperts.com\/en\/wp-json\/wp\/v2\/pages\/6263\/revisions\/6279"}],"wp:attachment":[{"href":"https:\/\/empreintesexperts.com\/en\/wp-json\/wp\/v2\/media?parent=6263"}],"curies":[{"name":"wp","href":"https:\/\/api.w.org\/{rel}","templated":true}]}}