{"id":5707,"date":"2023-08-03T13:20:39","date_gmt":"2023-08-03T13:20:39","guid":{"rendered":"https:\/\/webtend.site\/wp\/convis\/?page_id=3"},"modified":"2024-06-17T15:22:56","modified_gmt":"2024-06-17T19:22:56","slug":"politique-de-condidentialite","status":"publish","type":"page","link":"https:\/\/empreintesexperts.com\/en\/politique-de-condidentialite\/","title":{"rendered":"Privacy policy"},"content":{"rendered":"<div data-elementor-type=\"wp-page\" data-elementor-id=\"5707\" class=\"elementor elementor-5707\">\n\t\t\t\t<div class=\"elementor-element elementor-element-c996f82 e-flex e-con-boxed e-con e-parent\" data-id=\"c996f82\" data-element_type=\"container\" data-settings=\"{&quot;_ha_eqh_enable&quot;:false}\">\n\t\t\t\t\t<div class=\"e-con-inner\">\n\t\t<div class=\"elementor-element elementor-element-98f0495 e-flex e-con-boxed e-con e-child\" data-id=\"98f0495\" data-element_type=\"container\" data-settings=\"{&quot;_ha_eqh_enable&quot;:false}\">\n\t\t\t\t\t<div class=\"e-con-inner\">\n\t\t\t\t<div class=\"elementor-element elementor-element-06520b7 elementor-widget elementor-widget-convis-section-title\" data-id=\"06520b7\" data-element_type=\"widget\" data-widget_type=\"convis-section-title.default\">\n\t\t\t\t<div class=\"elementor-widget-container\">\n\t\t\t        <div class=\"convis-section-title\">\r\n            \t\t                    <h3 class=\"title\">\r\n                                            <span class=\"main-text\">\r\n                            Privacy policy and personal information                        <\/span>\r\n\r\n                                    <\/h3>\r\n                    <\/div>\r\n\t\t\t\t<\/div>\n\t\t\t\t<\/div>\n\t\t\t\t<div class=\"elementor-element elementor-element-064d1ba elementor-widget elementor-widget-text-editor\" data-id=\"064d1ba\" data-element_type=\"widget\" data-widget_type=\"text-editor.default\">\n\t\t\t\t<div class=\"elementor-widget-container\">\n\t\t\t<style>\/*! elementor - v3.23.0 - 05-08-2024 *\/\n.elementor-widget-text-editor.elementor-drop-cap-view-stacked .elementor-drop-cap{background-color:#69727d;color:#fff}.elementor-widget-text-editor.elementor-drop-cap-view-framed .elementor-drop-cap{color:#69727d;border:3px solid;background-color:transparent}.elementor-widget-text-editor:not(.elementor-drop-cap-view-default) .elementor-drop-cap{margin-top:8px}.elementor-widget-text-editor:not(.elementor-drop-cap-view-default) .elementor-drop-cap-letter{width:1em;height:1em}.elementor-widget-text-editor .elementor-drop-cap{float:left;text-align:center;line-height:1;font-size:50px}.elementor-widget-text-editor .elementor-drop-cap-letter{display:inline-block}<\/style>\t\t\t\t<div id=\"bgLayers_comp-livx85uz\" class=\"MW5IWV\" data-hook=\"bgLayers\" data-motion-part=\"BG_LAYER\"><div id=\"bgMedia_comp-livx85uz\" class=\"VgO9Yg\" data-motion-part=\"BG_MEDIA\">As a firm accredited by the Royal Canadian Mounted Police (RCMP), Empreintes Experts is obliged to comply with strict regulations governing the protection of personal information that go far beyond existing government legislation in this area, notably Bill 25. A physical security inspection of the Empreintes Experts site of operation, the purpose of which is to ensure the protection, confidentiality and integrity of \"Protected A\" personal information transmitted to Empreintes Experts by its clients, was carried out by an agent of the Royal Canadian Mounted Police in March 2021, with an update in May 2023. Part of this inspection deals with the collection, storage and destruction of sensitive information.\u00a0<\/div><div data-motion-part=\"BG_MEDIA\">\u00a0<\/div><\/div><div data-motion-part=\"BG_MEDIA\">Empreintes Experts is sensitive to the personal information of its customers, employees, applicants, and all other visitors to its Web site who decide to voluntarily transmit personal information to us. We are aware of the importance of protecting and managing the personal information you provide to us.<\/div><div data-motion-part=\"BG_MEDIA\">\u00a0<\/div><div data-motion-part=\"BG_MEDIA\"><p class=\"font_8 wixui-rich-text__text\"><span class=\"wixui-rich-text__text\">Our policy on personal information revolves around four main areas<\/span><\/p><ul><li><span class=\"wixui-rich-text__text\">Informed consent<\/span><\/li><li><span class=\"wixui-rich-text__text\">Serious and legitimate interest<\/span><\/li><li><span class=\"wixui-rich-text__text\">Direct harvesting<\/span><\/li><li>Destruction of personal information<\/li><\/ul><p class=\"font_8 wixui-rich-text__text\">Empreintes Experts is committed to obtaining your informed consent for the collection, use or disclosure of your personal information, except as required by law.<\/p><p>Empreintes Experts will limit the collection of personal information, both as to type and amount, to that which is necessary for the purposes identified by Empreintes Experts.<\/p><p>Empreintes Experts will retain your personal information only as long as necessary for the fulfillment of the purposes for which it was collected.<\/p><p class=\"font_8 wixui-rich-text__text\"><span class=\"wixui-rich-text__text\">This Policy outlines the information practices of our users and how Fingerprint Experts collects, uses, discloses and protects your personal information. Our privacy practices comply with the laws governing the protection of personal information held by public bodies and private companies:<\/span><\/p><p class=\"font_8 wixui-rich-text__text\"><span class=\"wixui-rich-text__text\">All personal information is collected in a fair and non-intrusive manner and with your consent. Personal information collected is accessible only to those individuals necessary to fulfill the purposes for which it is collected. All personal information is collected in a fair and non-intrusive manner and with your consent. Personal information collected is accessible only to those individuals necessary to fulfill the purposes for which it is collected...<\/span><\/p><p>Empreintes Experts is responsible for personal information under its control and has designated a Privacy Officer. Empreintes Experts will make available to you any information concerning our policies and practices relating to the management of personal information. You may contact the Privacy Officer in one of the following ways:<\/p><p style=\"text-align: left;\"><span class=\"wixui-rich-text__text\">By telephone: <a href=\"tel:450 634 1008\">450 634 1008<\/a><\/span><\/p><p style=\"text-align: left;\"><span class=\"wixui-rich-text__text\">By post: <a href=\"https:\/\/maps.app.goo.gl\/Ana5UosWg4ggGs8P9\" target=\"_blank\" rel=\"noopener\">1811 Boul des Laurentides, suite 105, Laval, Qc, H7M 2P7<\/a><\/span><\/p><p style=\"text-align: left;\"><span class=\"wixui-rich-text__text\">c\/o Personal Information Protection Officer<\/span><\/p><p style=\"text-align: left;\"><span class=\"wixui-rich-text__text\">By, e-mail:<a class=\"wixui-rich-text__text\" href=\"mailto:lnoel@empreintesexperts.com\" data-auto-recognition=\"true\">lnoel@empreintesexperts.com<\/a><\/span><\/p><\/div>\t\t\t\t\t\t<\/div>\n\t\t\t\t<\/div>\n\t\t\t\t\t<\/div>\n\t\t\t\t<\/div>\n\t\t\t\t\t<\/div>\n\t\t\t\t<\/div>\n\t\t\t\t<\/div>","protected":false},"excerpt":{"rendered":"<p>Politique de confidentialit\u00e9 et renseignements personnels \u00c9tant une firme accr\u00e9dit\u00e9e par la Gendarmerie Royale du Canada (GRC), Empreintes Experts a l\u2019obligation de se soumettre \u00e0 une r\u00e8glementation stricte relativement \u00e0 la protection des renseignements personnels qui va bien au-del\u00e0 des lois gouvernementales existantes en cette mati\u00e8re, notamment la loi 25. Un rapport d\u2019inspection de s\u00e9curit\u00e9 [&hellip;]<\/p>","protected":false},"author":1,"featured_media":0,"parent":0,"menu_order":0,"comment_status":"closed","ping_status":"open","template":"","meta":{"content-type":"","footnotes":""},"class_list":["post-5707","page","type-page","status-publish","hentry"],"yoast_head":"<!-- This site is optimized with the Yoast SEO plugin v24.8.1 - https:\/\/yoast.com\/wordpress\/plugins\/seo\/ -->\n<title>Politique de condidentialit\u00e9 Sans rendez-vous Laval | Empreintes Experts<\/title>\n<meta name=\"description\" content=\"Politique de condidentialit\u00e9 sans rendez-vous pour : demande de pardon, waiver Citoyennet\u00e9 Canadienne. Montreal, Laval &amp; Rive-Nord. (450) 634-1008\" \/>\n<meta name=\"robots\" content=\"index, follow, max-snippet:-1, max-image-preview:large, max-video-preview:-1\" \/>\n<link rel=\"canonical\" href=\"https:\/\/empreintesexperts.com\/en\/politique-de-condidentialite\/\" \/>\n<meta property=\"og:locale\" content=\"en_US\" \/>\n<meta property=\"og:type\" content=\"article\" \/>\n<meta property=\"og:title\" content=\"Politique de condidentialit\u00e9 Sans rendez-vous Laval | Empreintes Experts\" \/>\n<meta property=\"og:description\" content=\"Politique de condidentialit\u00e9 sans rendez-vous pour : demande de pardon, waiver Citoyennet\u00e9 Canadienne. Montreal, Laval &amp; Rive-Nord. (450) 634-1008\" \/>\n<meta property=\"og:url\" content=\"https:\/\/empreintesexperts.com\/en\/politique-de-condidentialite\/\" \/>\n<meta property=\"og:site_name\" content=\"Empreintes Experts\" \/>\n<meta property=\"article:publisher\" content=\"https:\/\/www.facebook.com\/people\/EmpreintesExperts\/100025624656616\/\" \/>\n<meta property=\"article:modified_time\" content=\"2024-06-17T19:22:56+00:00\" \/>\n<meta name=\"twitter:card\" content=\"summary_large_image\" \/>\n<meta name=\"twitter:label1\" content=\"Est. reading time\" \/>\n\t<meta name=\"twitter:data1\" content=\"2 minutes\" \/>\n<script type=\"application\/ld+json\" class=\"yoast-schema-graph\">{\"@context\":\"https:\/\/schema.org\",\"@graph\":[{\"@type\":\"WebPage\",\"@id\":\"https:\/\/empreintesexperts.com\/politique-de-condidentialite\/\",\"url\":\"https:\/\/empreintesexperts.com\/politique-de-condidentialite\/\",\"name\":\"Politique de condidentialit\u00e9 Sans rendez-vous Laval | Empreintes Experts\",\"isPartOf\":{\"@id\":\"https:\/\/empreintesexperts.com\/#website\"},\"datePublished\":\"2023-08-03T13:20:39+00:00\",\"dateModified\":\"2024-06-17T19:22:56+00:00\",\"description\":\"Politique de condidentialit\u00e9 sans rendez-vous pour : demande de pardon, waiver Citoyennet\u00e9 Canadienne. Montreal, Laval & Rive-Nord. (450) 634-1008\",\"breadcrumb\":{\"@id\":\"https:\/\/empreintesexperts.com\/politique-de-condidentialite\/#breadcrumb\"},\"inLanguage\":\"en-CA\",\"potentialAction\":[{\"@type\":\"ReadAction\",\"target\":[\"https:\/\/empreintesexperts.com\/politique-de-condidentialite\/\"]}]},{\"@type\":\"BreadcrumbList\",\"@id\":\"https:\/\/empreintesexperts.com\/politique-de-condidentialite\/#breadcrumb\",\"itemListElement\":[{\"@type\":\"ListItem\",\"position\":1,\"name\":\"Home\",\"item\":\"https:\/\/empreintesexperts.com\/\"},{\"@type\":\"ListItem\",\"position\":2,\"name\":\"Politique de condidentialit\u00e9\"}]},{\"@type\":\"WebSite\",\"@id\":\"https:\/\/empreintesexperts.com\/#website\",\"url\":\"https:\/\/empreintesexperts.com\/\",\"name\":\"Empreintes Experts\",\"description\":\"Empreintes digitales sans rendez-vous &amp; demande de pardon - Montreal, Laval &amp; Rive-Nord\",\"publisher\":{\"@id\":\"https:\/\/empreintesexperts.com\/#organization\"},\"potentialAction\":[{\"@type\":\"SearchAction\",\"target\":{\"@type\":\"EntryPoint\",\"urlTemplate\":\"https:\/\/empreintesexperts.com\/?s={search_term_string}\"},\"query-input\":{\"@type\":\"PropertyValueSpecification\",\"valueRequired\":true,\"valueName\":\"search_term_string\"}}],\"inLanguage\":\"en-CA\"},{\"@type\":\"Organization\",\"@id\":\"https:\/\/empreintesexperts.com\/#organization\",\"name\":\"Empreintes Experts\",\"url\":\"https:\/\/empreintesexperts.com\/\",\"logo\":{\"@type\":\"ImageObject\",\"inLanguage\":\"en-CA\",\"@id\":\"https:\/\/empreintesexperts.com\/#\/schema\/logo\/image\/\",\"url\":\"https:\/\/empreintesexperts.com\/wp-content\/uploads\/2024\/05\/Logo20modif.png\",\"contentUrl\":\"https:\/\/empreintesexperts.com\/wp-content\/uploads\/2024\/05\/Logo20modif.png\",\"width\":360,\"height\":122,\"caption\":\"Empreintes Experts\"},\"image\":{\"@id\":\"https:\/\/empreintesexperts.com\/#\/schema\/logo\/image\/\"},\"sameAs\":[\"https:\/\/www.facebook.com\/people\/EmpreintesExperts\/100025624656616\/\",\"https:\/\/ca.linkedin.com\/company\/empreintes-experts\"]}]}<\/script>\n<!-- \/ Yoast SEO plugin. -->","yoast_head_json":{"title":"Politique de condidentialit\u00e9 Sans rendez-vous Laval | Empreintes Experts","description":"Politique de condidentialit\u00e9 sans rendez-vous pour : demande de pardon, waiver Citoyennet\u00e9 Canadienne. Montreal, Laval & Rive-Nord. (450) 634-1008","robots":{"index":"index","follow":"follow","max-snippet":"max-snippet:-1","max-image-preview":"max-image-preview:large","max-video-preview":"max-video-preview:-1"},"canonical":"https:\/\/empreintesexperts.com\/en\/politique-de-condidentialite\/","og_locale":"en_US","og_type":"article","og_title":"Politique de condidentialit\u00e9 Sans rendez-vous Laval | Empreintes Experts","og_description":"Politique de condidentialit\u00e9 sans rendez-vous pour : demande de pardon, waiver Citoyennet\u00e9 Canadienne. Montreal, Laval & Rive-Nord. (450) 634-1008","og_url":"https:\/\/empreintesexperts.com\/en\/politique-de-condidentialite\/","og_site_name":"Empreintes Experts","article_publisher":"https:\/\/www.facebook.com\/people\/EmpreintesExperts\/100025624656616\/","article_modified_time":"2024-06-17T19:22:56+00:00","twitter_card":"summary_large_image","twitter_misc":{"Est. reading time":"2 minutes"},"schema":{"@context":"https:\/\/schema.org","@graph":[{"@type":"WebPage","@id":"https:\/\/empreintesexperts.com\/politique-de-condidentialite\/","url":"https:\/\/empreintesexperts.com\/politique-de-condidentialite\/","name":"Politique de condidentialit\u00e9 Sans rendez-vous Laval | Empreintes Experts","isPartOf":{"@id":"https:\/\/empreintesexperts.com\/#website"},"datePublished":"2023-08-03T13:20:39+00:00","dateModified":"2024-06-17T19:22:56+00:00","description":"Politique de condidentialit\u00e9 sans rendez-vous pour : demande de pardon, waiver Citoyennet\u00e9 Canadienne. Montreal, Laval & Rive-Nord. (450) 634-1008","breadcrumb":{"@id":"https:\/\/empreintesexperts.com\/politique-de-condidentialite\/#breadcrumb"},"inLanguage":"en-CA","potentialAction":[{"@type":"ReadAction","target":["https:\/\/empreintesexperts.com\/politique-de-condidentialite\/"]}]},{"@type":"BreadcrumbList","@id":"https:\/\/empreintesexperts.com\/politique-de-condidentialite\/#breadcrumb","itemListElement":[{"@type":"ListItem","position":1,"name":"Home","item":"https:\/\/empreintesexperts.com\/"},{"@type":"ListItem","position":2,"name":"Politique de condidentialit\u00e9"}]},{"@type":"WebSite","@id":"https:\/\/empreintesexperts.com\/#website","url":"https:\/\/empreintesexperts.com\/","name":"Empreintes Experts","description":"Empreintes digitales sans rendez-vous &amp; demande de pardon - Montreal, Laval &amp; Rive-Nord","publisher":{"@id":"https:\/\/empreintesexperts.com\/#organization"},"potentialAction":[{"@type":"SearchAction","target":{"@type":"EntryPoint","urlTemplate":"https:\/\/empreintesexperts.com\/?s={search_term_string}"},"query-input":{"@type":"PropertyValueSpecification","valueRequired":true,"valueName":"search_term_string"}}],"inLanguage":"en-CA"},{"@type":"Organization","@id":"https:\/\/empreintesexperts.com\/#organization","name":"Empreintes Experts","url":"https:\/\/empreintesexperts.com\/","logo":{"@type":"ImageObject","inLanguage":"en-CA","@id":"https:\/\/empreintesexperts.com\/#\/schema\/logo\/image\/","url":"https:\/\/empreintesexperts.com\/wp-content\/uploads\/2024\/05\/Logo20modif.png","contentUrl":"https:\/\/empreintesexperts.com\/wp-content\/uploads\/2024\/05\/Logo20modif.png","width":360,"height":122,"caption":"Empreintes Experts"},"image":{"@id":"https:\/\/empreintesexperts.com\/#\/schema\/logo\/image\/"},"sameAs":["https:\/\/www.facebook.com\/people\/EmpreintesExperts\/100025624656616\/","https:\/\/ca.linkedin.com\/company\/empreintes-experts"]}]}},"_links":{"self":[{"href":"https:\/\/empreintesexperts.com\/en\/wp-json\/wp\/v2\/pages\/5707","targetHints":{"allow":["GET"]}}],"collection":[{"href":"https:\/\/empreintesexperts.com\/en\/wp-json\/wp\/v2\/pages"}],"about":[{"href":"https:\/\/empreintesexperts.com\/en\/wp-json\/wp\/v2\/types\/page"}],"author":[{"embeddable":true,"href":"https:\/\/empreintesexperts.com\/en\/wp-json\/wp\/v2\/users\/1"}],"replies":[{"embeddable":true,"href":"https:\/\/empreintesexperts.com\/en\/wp-json\/wp\/v2\/comments?post=5707"}],"version-history":[{"count":17,"href":"https:\/\/empreintesexperts.com\/en\/wp-json\/wp\/v2\/pages\/5707\/revisions"}],"predecessor-version":[{"id":7078,"href":"https:\/\/empreintesexperts.com\/en\/wp-json\/wp\/v2\/pages\/5707\/revisions\/7078"}],"wp:attachment":[{"href":"https:\/\/empreintesexperts.com\/en\/wp-json\/wp\/v2\/media?parent=5707"}],"curies":[{"name":"wp","href":"https:\/\/api.w.org\/{rel}","templated":true}]}}