{"id":4477,"date":"2023-08-09T05:51:07","date_gmt":"2023-08-09T05:51:07","guid":{"rendered":"https:\/\/webtend.site\/wp\/convis\/?page_id=4477"},"modified":"2025-02-13T12:42:54","modified_gmt":"2025-02-13T17:42:54","slug":"reservation-en-ligne","status":"publish","type":"page","link":"https:\/\/empreintesexperts.com\/en\/reservation-en-ligne\/","title":{"rendered":"Online booking"},"content":{"rendered":"<div data-elementor-type=\"wp-page\" data-elementor-id=\"4477\" class=\"elementor elementor-4477\">\n\t\t\t\t\t\t<section class=\"elementor-section elementor-top-section elementor-element elementor-element-6c10de39 elementor-section-boxed elementor-section-height-default elementor-section-height-default\" data-id=\"6c10de39\" data-element_type=\"section\" id=\"xs_pricing_10\" data-settings=\"{&quot;background_background&quot;:&quot;classic&quot;,&quot;_ha_eqh_enable&quot;:false}\">\n\t\t\t\t\t\t<div class=\"elementor-container elementor-column-gap-default\">\n\t\t\t\t\t<div class=\"elementor-column elementor-col-100 elementor-top-column elementor-element elementor-element-73734ece\" data-id=\"73734ece\" data-element_type=\"column\">\n\t\t\t<div class=\"elementor-widget-wrap elementor-element-populated\">\n\t\t\t\t<div class=\"elementor-element elementor-element-5c1d620 e-flex e-con-boxed e-con e-parent\" data-id=\"5c1d620\" data-element_type=\"container\" data-settings=\"{&quot;_ha_eqh_enable&quot;:false}\">\n\t\t\t\t\t<div class=\"e-con-inner\">\n\t\t\t\t<div class=\"elementor-element elementor-element-d996d89 elementor-widget__width-initial elementor-widget elementor-widget-convis-section-title\" data-id=\"d996d89\" data-element_type=\"widget\" data-widget_type=\"convis-section-title.default\">\n\t\t\t\t<div class=\"elementor-widget-container\">\n\t\t\t        <div class=\"convis-section-title\">\r\n                            <div class=\"subtitle\">\r\n                                            <span class=\"line\"><\/span>\r\n                    \r\n                    <span class=\"subtitle-text\">\r\n                        Book                    <\/span>\r\n                <\/div>\r\n            \t\t                    <h1 class=\"title\">\r\n                                            <span class=\"main-text\">\r\n                            Online booking for pardon, fingerprint, waiver and other applications.                        <\/span>\r\n\r\n                                    <\/h1>\r\n                    <\/div>\r\n\t\t\t\t<\/div>\n\t\t\t\t<\/div>\n\t\t\t\t<div class=\"elementor-element elementor-element-e86d6e9 elementor-widget__width-initial elementor-widget elementor-widget-text-editor\" data-id=\"e86d6e9\" data-element_type=\"widget\" data-widget_type=\"text-editor.default\">\n\t\t\t\t<div class=\"elementor-widget-container\">\n\t\t\t<style>\/*! elementor - v3.23.0 - 05-08-2024 *\/\n.elementor-widget-text-editor.elementor-drop-cap-view-stacked .elementor-drop-cap{background-color:#69727d;color:#fff}.elementor-widget-text-editor.elementor-drop-cap-view-framed .elementor-drop-cap{color:#69727d;border:3px solid;background-color:transparent}.elementor-widget-text-editor:not(.elementor-drop-cap-view-default) .elementor-drop-cap{margin-top:8px}.elementor-widget-text-editor:not(.elementor-drop-cap-view-default) .elementor-drop-cap-letter{width:1em;height:1em}.elementor-widget-text-editor .elementor-drop-cap{float:left;text-align:center;line-height:1;font-size:50px}.elementor-widget-text-editor .elementor-drop-cap-letter{display:inline-block}<\/style>\t\t\t\t<p>Welcome to our online booking page! At Empreintes Experts, we understand the importance of speed and convenience for our fingerprinting and pardoning services. That's why we offer you the possibility of booking our services online, without prior appointment.<\/p>\t\t\t\t\t\t<\/div>\n\t\t\t\t<\/div>\n\t\t\t\t\t<\/div>\n\t\t\t\t<\/div>\n\t\t\t\t<section class=\"elementor-section elementor-inner-section elementor-element elementor-element-1966c4bf elementor-section-boxed elementor-section-height-default elementor-section-height-default\" data-id=\"1966c4bf\" data-element_type=\"section\" data-settings=\"{&quot;_ha_eqh_enable&quot;:false}\">\n\t\t\t\t\t\t<div class=\"elementor-container elementor-column-gap-no\">\n\t\t\t\t\t<div class=\"elementor-column elementor-col-33 elementor-inner-column elementor-element elementor-element-39887ea2\" data-id=\"39887ea2\" data-element_type=\"column\">\n\t\t\t<div class=\"elementor-widget-wrap elementor-element-populated\">\n\t\t\t\t\t\t<div class=\"elementor-element elementor-element-7f28c8fa ha-has-bg-overlay elementor-widget elementor-widget-elementskit-pricing\" data-id=\"7f28c8fa\" data-element_type=\"widget\" data-widget_type=\"elementskit-pricing.default\">\n\t\t\t\t<div class=\"elementor-widget-container\">\n\t\t\t<div class=\"ekit-wid-con\" >\n\n        <div class=\"elementskit-single-pricing\" >\n            <div class=\"elementskit-pricing-header\">\n\t\t\t\t\t\t\t\t\t\t\t\t\t\n\t\t\t\t\t\t\t\t\t\t\t\t\t\t\n\t\t\t\t\n\t\t\t\t                \t<h2\t\t\t\t\tclass=\"elementskit-pricing-title\">RV Digital fingerprint\t\t\t\t\t<\/h2>\n\t\t\t\t\t\t\t\t            <\/div>\n\t\t\t            <div class=\"elementskit-pricing-price-wraper has-tag\">\n                <div class=\"elementskit-pricing-tag\"><\/div>\n                <span class=\"elementskit-pricing-price\">\n\t\t\t\t\t\t\t\t\t\t\t<sup class=\"currency\">$<\/sup>\n\t\t\t\t\t\t\t\t\t\t<span>65\/85<\/span>\n\t\t\t\t\t\n\t\t\t\t\t\t\t\t\t\t<sub class=\"period\">\/ 15 min<\/sub>\n\t\t\t\t\t\t\t\t\t<\/span>\n            <\/div>\n\t\t\t            <div class=\"elementskit-pricing-content\">\n\n                                    <p> Get fingerprinted for Canadian citizenship with our fast and accurate service. This service is essential for anyone seeking Canadian citizenship, with a walk-in procedure to make the process easier.<\/p>\n                                            <\/div>\n            <div class=\"elementskit-pricing-btn-wraper\">\n\t\t\t\t<a href=\"https:\/\/empreintesexperts.com\/en\/rv-empreinte-digitale-numerisee-reserver\/\" class=\"elementskit-pricing-btn  ekit-pricing-btn-icon-pos-right\" >\n\t\t\t\t\tBook<i aria-hidden=\"true\" class=\"icon icon-arrow-right\"><\/i>\t\t\t\t<\/a>\n            <\/div>\n        <\/div>\n\n    <\/div>\t\t<\/div>\n\t\t\t\t<\/div>\n\t\t\t\t\t<\/div>\n\t\t<\/div>\n\t\t\t\t<div class=\"elementor-column elementor-col-33 elementor-inner-column elementor-element elementor-element-746ab2b7\" data-id=\"746ab2b7\" data-element_type=\"column\">\n\t\t\t<div class=\"elementor-widget-wrap elementor-element-populated\">\n\t\t\t\t\t\t<div class=\"elementor-element elementor-element-fce31b9 ha-has-bg-overlay elementor-widget elementor-widget-elementskit-pricing\" data-id=\"fce31b9\" data-element_type=\"widget\" data-widget_type=\"elementskit-pricing.default\">\n\t\t\t\t<div class=\"elementor-widget-container\">\n\t\t\t<div class=\"ekit-wid-con\" >\n\n        <div class=\"elementskit-single-pricing\" >\n            <div class=\"elementskit-pricing-header\">\n\t\t\t\t\t\t\t\t\t\t\t\t\t\n\t\t\t\t\t\t\t\t\t\t\t\t\t\t\n\t\t\t\t\n\t\t\t\t                \t<h2\t\t\t\t\tclass=\"elementskit-pricing-title\">Empreintes \u00e0 l&#039;encre FBI et \u00e9tranger\t\t\t\t\t<\/h2>\n\t\t\t\t\t\t\t\t            <\/div>\n\t\t\t            <div class=\"elementskit-pricing-price-wraper has-tag\">\n                <div class=\"elementskit-pricing-tag\"><\/div>\n                <span class=\"elementskit-pricing-price\">\n\t\t\t\t\t\t\t\t\t\t\t<sup class=\"currency\">$<\/sup>\n\t\t\t\t\t\t\t\t\t\t<span>60<\/span>\n\t\t\t\t\t\n\t\t\t\t\t\t\t\t\t\t<sub class=\"period\">\/ 15 min<\/sub>\n\t\t\t\t\t\t\t\t\t<\/span>\n            <\/div>\n\t\t\t            <div class=\"elementskit-pricing-content\">\n\n                                    <p> Get your ink prints for FBI form FD-258 or for other countries (Haiti, Mexico, etc.) without an appointment. Our fast, accurate service guarantees fingerprints that comply with international requirements. Ideal for foreign criminal record applications, our service ensures reliable results and a streamlined process.<\/p>\n                                            <\/div>\n            <div class=\"elementskit-pricing-btn-wraper\">\n\t\t\t\t<a href=\"https:\/\/empreintesexperts.com\/en\/empreintes-a-lencre-fbi-et-etranger-reserver\/\" class=\"elementskit-pricing-btn  ekit-pricing-btn-icon-pos-right\" >\n\t\t\t\t\tBook<i aria-hidden=\"true\" class=\"icon icon-arrow-right\"><\/i>\t\t\t\t<\/a>\n            <\/div>\n        <\/div>\n\n    <\/div>\t\t<\/div>\n\t\t\t\t<\/div>\n\t\t\t\t\t<\/div>\n\t\t<\/div>\n\t\t\t\t<div class=\"elementor-column elementor-col-33 elementor-inner-column elementor-element elementor-element-2626ea20\" data-id=\"2626ea20\" data-element_type=\"column\">\n\t\t\t<div class=\"elementor-widget-wrap elementor-element-populated\">\n\t\t\t\t\t\t<div class=\"elementor-element elementor-element-22fb0711 ha-has-bg-overlay elementor-widget elementor-widget-elementskit-pricing\" data-id=\"22fb0711\" data-element_type=\"widget\" data-widget_type=\"elementskit-pricing.default\">\n\t\t\t\t<div class=\"elementor-widget-container\">\n\t\t\t<div class=\"ekit-wid-con\" >\n\n        <div class=\"elementskit-single-pricing\" >\n            <div class=\"elementskit-pricing-header\">\n\t\t\t\t\t\t\t\t\t\t\t\t\t\n\t\t\t\t\t\t\t\t\t\t\t\t\t\t\n\t\t\t\t\n\t\t\t\t                \t<h2\t\t\t\t\tclass=\"elementskit-pricing-title\">RV Demande de pardon (cl\u00e9 en main)\t\t\t\t\t<\/h2>\n\t\t\t\t\t\t\t\t            <\/div>\n\t\t\t            <div class=\"elementskit-pricing-price-wraper has-tag\">\n                <div class=\"elementskit-pricing-tag\"><\/div>\n                <span class=\"elementskit-pricing-price\">\n\t\t\t\t\t\t\t\t\t\t\t<sup class=\"currency\">$<\/sup>\n\t\t\t\t\t\t\t\t\t\t<span>399<\/span>\n\t\t\t\t\t\n\t\t\t\t\t\t\t\t\t\t<sub class=\"period\">\/ 30 min<\/sub>\n\t\t\t\t\t\t\t\t\t<\/span>\n            <\/div>\n\t\t\t            <div class=\"elementskit-pricing-content\">\n\n                                    <p> Our pardon application service allows you to begin the process of clearing your criminal record quickly and efficiently. Available without appointment, this service includes scanning your fingerprints and assistance in submitting your application.<\/p>\n                                            <\/div>\n            <div class=\"elementskit-pricing-btn-wraper\">\n\t\t\t\t<a href=\"https:\/\/empreintesexperts.com\/en\/rv-demande-de-pardon-cle-en-main-reserver\/\" class=\"elementskit-pricing-btn  ekit-pricing-btn-icon-pos-right\" >\n\t\t\t\t\tBook<i aria-hidden=\"true\" class=\"icon icon-arrow-right\"><\/i>\t\t\t\t<\/a>\n            <\/div>\n        <\/div>\n\n    <\/div>\t\t<\/div>\n\t\t\t\t<\/div>\n\t\t\t\t\t<\/div>\n\t\t<\/div>\n\t\t\t\t\t<\/div>\n\t\t<\/section>\n\t\t\t\t<section class=\"elementor-section elementor-inner-section elementor-element elementor-element-8fade98 elementor-section-boxed elementor-section-height-default elementor-section-height-default\" data-id=\"8fade98\" data-element_type=\"section\" data-settings=\"{&quot;_ha_eqh_enable&quot;:false}\">\n\t\t\t\t\t\t<div class=\"elementor-container elementor-column-gap-no\">\n\t\t\t\t\t<div class=\"elementor-column elementor-col-25 elementor-inner-column elementor-element elementor-element-616ae75f elementor-hidden-mobile\" data-id=\"616ae75f\" data-element_type=\"column\">\n\t\t\t<div class=\"elementor-widget-wrap\">\n\t\t\t\t\t\t\t<\/div>\n\t\t<\/div>\n\t\t\t\t<div class=\"elementor-column elementor-col-25 elementor-inner-column elementor-element elementor-element-17c1f33d\" data-id=\"17c1f33d\" data-element_type=\"column\">\n\t\t\t<div class=\"elementor-widget-wrap elementor-element-populated\">\n\t\t\t\t\t\t<div class=\"elementor-element elementor-element-1365d62 ha-has-bg-overlay elementor-widget elementor-widget-elementskit-pricing\" data-id=\"1365d62\" data-element_type=\"widget\" data-widget_type=\"elementskit-pricing.default\">\n\t\t\t\t<div class=\"elementor-widget-container\">\n\t\t\t<div class=\"ekit-wid-con\" >\n\n        <div class=\"elementskit-single-pricing\" >\n            <div class=\"elementskit-pricing-header\">\n\t\t\t\t\t\t\t\t\t\t\t\t\t\n\t\t\t\t\t\t\t\t\t\t\t\t\t\t\n\t\t\t\t\n\t\t\t\t                \t<h2\t\t\t\t\tclass=\"elementskit-pricing-title\">Commissaire \u00e0 l&#039;assermentation Qc\t\t\t\t\t<\/h2>\n\t\t\t\t\t\t\t\t            <\/div>\n\t\t\t            <div class=\"elementskit-pricing-price-wraper has-tag\">\n                <div class=\"elementskit-pricing-tag\"><\/div>\n                <span class=\"elementskit-pricing-price\">\n\t\t\t\t\t\t\t\t\t\t\t<sup class=\"currency\">$<\/sup>\n\t\t\t\t\t\t\t\t\t\t<span>12<\/span>\n\t\t\t\t\t\n\t\t\t\t\t\t\t\t\t\t<sub class=\"period\">\/ 15 min<\/sub>\n\t\t\t\t\t\t\t\t\t<\/span>\n            <\/div>\n\t\t\t            <div class=\"elementskit-pricing-content\">\n\n                                    <p> Have your documents sworn to with our fast, no-appointment service. Whether you need affidavits, affidavits or any other legal document, we guarantee a service that complies with Quebec legal standards, with unrivalled accuracy and efficiency.<\/p>\n                                            <\/div>\n            <div class=\"elementskit-pricing-btn-wraper\">\n\t\t\t\t<a href=\"https:\/\/empreintesexperts.com\/en\/commissaire-a-lassermentation-qc-reserver\/\" class=\"elementskit-pricing-btn  ekit-pricing-btn-icon-pos-right\" >\n\t\t\t\t\tBook<i aria-hidden=\"true\" class=\"icon icon-arrow-right\"><\/i>\t\t\t\t<\/a>\n            <\/div>\n        <\/div>\n\n    <\/div>\t\t<\/div>\n\t\t\t\t<\/div>\n\t\t\t\t\t<\/div>\n\t\t<\/div>\n\t\t\t\t<div class=\"elementor-column elementor-col-25 elementor-inner-column elementor-element elementor-element-7208a8a2\" data-id=\"7208a8a2\" data-element_type=\"column\">\n\t\t\t<div class=\"elementor-widget-wrap elementor-element-populated\">\n\t\t\t\t\t\t<div class=\"elementor-element elementor-element-3ba99fd8 ha-has-bg-overlay elementor-widget elementor-widget-elementskit-pricing\" data-id=\"3ba99fd8\" data-element_type=\"widget\" data-widget_type=\"elementskit-pricing.default\">\n\t\t\t\t<div class=\"elementor-widget-container\">\n\t\t\t<div class=\"ekit-wid-con\" >\n\n        <div class=\"elementskit-single-pricing\" >\n            <div class=\"elementskit-pricing-header\">\n\t\t\t\t\t\t\t\t\t\t\t\t\t\n\t\t\t\t\t\t\t\t\t\t\t\t\t\t\n\t\t\t\t\n\t\t\t\t                \t<h2\t\t\t\t\tclass=\"elementskit-pricing-title\">RV Passport or ID photo\t\t\t\t\t<\/h2>\n\t\t\t\t\t\t\t\t            <\/div>\n\t\t\t            <div class=\"elementskit-pricing-price-wraper has-tag\">\n                <div class=\"elementskit-pricing-tag\"><\/div>\n                <span class=\"elementskit-pricing-price\">\n\t\t\t\t\t\t\t\t\t\t\t<sup class=\"currency\">$<\/sup>\n\t\t\t\t\t\t\t\t\t\t<span>21<\/span>\n\t\t\t\t\t\n\t\t\t\t\t\t\t\t\t\t<sub class=\"period\">\/ 15 min<\/sub>\n\t\t\t\t\t\t\t\t\t<\/span>\n            <\/div>\n\t\t\t            <div class=\"elementskit-pricing-content\">\n\n                                    <p> Get passport photos that comply with the requirements of different countries. Our photo service is fast and compliant with international standards. No appointment necessary.<\/p>\n                                            <\/div>\n            <div class=\"elementskit-pricing-btn-wraper\">\n\t\t\t\t<a href=\"https:\/\/empreintesexperts.com\/en\/rv-photo-de-passeport-ou-identite-reserver\/\" class=\"elementskit-pricing-btn  ekit-pricing-btn-icon-pos-right\" >\n\t\t\t\t\tBook<i aria-hidden=\"true\" class=\"icon icon-arrow-right\"><\/i>\t\t\t\t<\/a>\n            <\/div>\n        <\/div>\n\n    <\/div>\t\t<\/div>\n\t\t\t\t<\/div>\n\t\t\t\t\t<\/div>\n\t\t<\/div>\n\t\t\t\t<div class=\"elementor-column elementor-col-25 elementor-inner-column elementor-element elementor-element-3667ed6e\" data-id=\"3667ed6e\" data-element_type=\"column\">\n\t\t\t<div class=\"elementor-widget-wrap\">\n\t\t\t\t\t\t\t<\/div>\n\t\t<\/div>\n\t\t\t\t\t<\/div>\n\t\t<\/section>\n\t\t<div class=\"elementor-element elementor-element-f9819ba e-flex e-con-boxed e-con e-parent\" data-id=\"f9819ba\" data-element_type=\"container\" data-settings=\"{&quot;_ha_eqh_enable&quot;:false}\">\n\t\t\t\t\t<div class=\"e-con-inner\">\n\t\t\t\t<div class=\"elementor-element elementor-element-188a2c7 elementor-widget__width-initial elementor-widget elementor-widget-text-editor\" data-id=\"188a2c7\" data-element_type=\"widget\" data-widget_type=\"text-editor.default\">\n\t\t\t\t<div class=\"elementor-widget-container\">\n\t\t\t\t\t\t\t<h3>How to reserve ?<\/h3><ol><li><strong>Choose your service<\/strong> Select one of the above services to get started.<\/li><li><strong>Fill in your details<\/strong> Enter your contact details and the information required for booking.<\/li><li><strong>Make your payment online<\/strong> We accept all major credit cards and secure online payments.<\/li><li><strong>Receive your confirmation<\/strong> Once your booking has been confirmed, you will receive a confirmation e-mail with the details of your appointment.<\/li><\/ol><h3>Why book online?<\/h3><ul><li><strong>Time saving<\/strong> No need to travel or wait for an appointment.<\/li><li><strong>Simplicity<\/strong> A quick and easy booking process for all your needs.<\/li><li><strong>Flexibility<\/strong> Services available on a walk-in basis, according to your schedule.<\/li><\/ul><p>We look forward to welcoming you and providing you with fast, efficient and professional service. Book now with just a few clicks!<\/p>\t\t\t\t\t\t<\/div>\n\t\t\t\t<\/div>\n\t\t\t\t\t<\/div>\n\t\t\t\t<\/div>\n\t\t\t\t\t<\/div>\n\t\t<\/div>\n\t\t\t\t\t<\/div>\n\t\t<\/section>\n\t\t\t\t<\/div>","protected":false},"excerpt":{"rendered":"<p>R\u00e9server R\u00e9servation en ligne pour demande de pardon, empreintes digitale, waiver et autre. Bienvenue sur notre page de r\u00e9servation en ligne ! Chez Empreintes Experts, nous comprenons l\u2019importance de la rapidit\u00e9 et de la commodit\u00e9 pour nos services d\u2019empreintes digitales et de demandes de pardon. C\u2019est pourquoi nous vous offrons la possibilit\u00e9 de r\u00e9server nos [&hellip;]<\/p>","protected":false},"author":1,"featured_media":0,"parent":0,"menu_order":0,"comment_status":"closed","ping_status":"closed","template":"","meta":{"content-type":"","footnotes":""},"class_list":["post-4477","page","type-page","status-publish","hentry"],"yoast_head":"<!-- This site is optimized with the Yoast SEO plugin v24.8.1 - https:\/\/yoast.com\/wordpress\/plugins\/seo\/ -->\n<title>R\u00e9servation en ligne pour demande de pardon Laval | Empreintes Experts<\/title>\n<meta name=\"description\" content=\"R\u00e9servation en ligne pour : demande de pardon, waiver Citoyennet\u00e9 Canadienne. Montreal, Laval &amp; Rive-Nord. (450) 634-1008\" \/>\n<meta name=\"robots\" content=\"index, follow, max-snippet:-1, max-image-preview:large, max-video-preview:-1\" \/>\n<link rel=\"canonical\" href=\"https:\/\/empreintesexperts.com\/en\/reservation-en-ligne\/\" \/>\n<meta property=\"og:locale\" content=\"en_US\" \/>\n<meta property=\"og:type\" content=\"article\" \/>\n<meta property=\"og:title\" content=\"R\u00e9servation en ligne pour demande de pardon Laval | Empreintes Experts\" \/>\n<meta property=\"og:description\" content=\"R\u00e9servation en ligne pour : demande de pardon, waiver Citoyennet\u00e9 Canadienne. Montreal, Laval &amp; Rive-Nord. (450) 634-1008\" \/>\n<meta property=\"og:url\" content=\"https:\/\/empreintesexperts.com\/en\/reservation-en-ligne\/\" \/>\n<meta property=\"og:site_name\" content=\"Empreintes Experts\" \/>\n<meta property=\"article:publisher\" content=\"https:\/\/www.facebook.com\/people\/EmpreintesExperts\/100025624656616\/\" \/>\n<meta property=\"article:modified_time\" content=\"2025-02-13T17:42:54+00:00\" \/>\n<meta name=\"twitter:card\" content=\"summary_large_image\" \/>\n<meta name=\"twitter:label1\" content=\"Est. reading time\" \/>\n\t<meta name=\"twitter:data1\" content=\"2 minutes\" \/>\n<script type=\"application\/ld+json\" class=\"yoast-schema-graph\">{\"@context\":\"https:\/\/schema.org\",\"@graph\":[{\"@type\":\"WebPage\",\"@id\":\"https:\/\/empreintesexperts.com\/reservation-en-ligne\/\",\"url\":\"https:\/\/empreintesexperts.com\/reservation-en-ligne\/\",\"name\":\"R\u00e9servation en ligne pour demande de pardon Laval | Empreintes Experts\",\"isPartOf\":{\"@id\":\"https:\/\/empreintesexperts.com\/#website\"},\"datePublished\":\"2023-08-09T05:51:07+00:00\",\"dateModified\":\"2025-02-13T17:42:54+00:00\",\"description\":\"R\u00e9servation en ligne pour : demande de pardon, waiver Citoyennet\u00e9 Canadienne. Montreal, Laval & Rive-Nord. (450) 634-1008\",\"breadcrumb\":{\"@id\":\"https:\/\/empreintesexperts.com\/reservation-en-ligne\/#breadcrumb\"},\"inLanguage\":\"en-CA\",\"potentialAction\":[{\"@type\":\"ReadAction\",\"target\":[\"https:\/\/empreintesexperts.com\/reservation-en-ligne\/\"]}]},{\"@type\":\"BreadcrumbList\",\"@id\":\"https:\/\/empreintesexperts.com\/reservation-en-ligne\/#breadcrumb\",\"itemListElement\":[{\"@type\":\"ListItem\",\"position\":1,\"name\":\"Home\",\"item\":\"https:\/\/empreintesexperts.com\/\"},{\"@type\":\"ListItem\",\"position\":2,\"name\":\"R\u00e9servation en ligne\"}]},{\"@type\":\"WebSite\",\"@id\":\"https:\/\/empreintesexperts.com\/#website\",\"url\":\"https:\/\/empreintesexperts.com\/\",\"name\":\"Empreintes Experts\",\"description\":\"Empreintes digitales sans rendez-vous &amp; demande de pardon - Montreal, Laval &amp; Rive-Nord\",\"publisher\":{\"@id\":\"https:\/\/empreintesexperts.com\/#organization\"},\"potentialAction\":[{\"@type\":\"SearchAction\",\"target\":{\"@type\":\"EntryPoint\",\"urlTemplate\":\"https:\/\/empreintesexperts.com\/?s={search_term_string}\"},\"query-input\":{\"@type\":\"PropertyValueSpecification\",\"valueRequired\":true,\"valueName\":\"search_term_string\"}}],\"inLanguage\":\"en-CA\"},{\"@type\":\"Organization\",\"@id\":\"https:\/\/empreintesexperts.com\/#organization\",\"name\":\"Empreintes Experts\",\"url\":\"https:\/\/empreintesexperts.com\/\",\"logo\":{\"@type\":\"ImageObject\",\"inLanguage\":\"en-CA\",\"@id\":\"https:\/\/empreintesexperts.com\/#\/schema\/logo\/image\/\",\"url\":\"https:\/\/empreintesexperts.com\/wp-content\/uploads\/2024\/05\/Logo20modif.png\",\"contentUrl\":\"https:\/\/empreintesexperts.com\/wp-content\/uploads\/2024\/05\/Logo20modif.png\",\"width\":360,\"height\":122,\"caption\":\"Empreintes Experts\"},\"image\":{\"@id\":\"https:\/\/empreintesexperts.com\/#\/schema\/logo\/image\/\"},\"sameAs\":[\"https:\/\/www.facebook.com\/people\/EmpreintesExperts\/100025624656616\/\",\"https:\/\/ca.linkedin.com\/company\/empreintes-experts\"]}]}<\/script>\n<!-- \/ Yoast SEO plugin. -->","yoast_head_json":{"title":"R\u00e9servation en ligne pour demande de pardon Laval | Empreintes Experts","description":"R\u00e9servation en ligne pour : demande de pardon, waiver Citoyennet\u00e9 Canadienne. Montreal, Laval & Rive-Nord. (450) 634-1008","robots":{"index":"index","follow":"follow","max-snippet":"max-snippet:-1","max-image-preview":"max-image-preview:large","max-video-preview":"max-video-preview:-1"},"canonical":"https:\/\/empreintesexperts.com\/en\/reservation-en-ligne\/","og_locale":"en_US","og_type":"article","og_title":"R\u00e9servation en ligne pour demande de pardon Laval | Empreintes Experts","og_description":"R\u00e9servation en ligne pour : demande de pardon, waiver Citoyennet\u00e9 Canadienne. Montreal, Laval & Rive-Nord. (450) 634-1008","og_url":"https:\/\/empreintesexperts.com\/en\/reservation-en-ligne\/","og_site_name":"Empreintes Experts","article_publisher":"https:\/\/www.facebook.com\/people\/EmpreintesExperts\/100025624656616\/","article_modified_time":"2025-02-13T17:42:54+00:00","twitter_card":"summary_large_image","twitter_misc":{"Est. reading time":"2 minutes"},"schema":{"@context":"https:\/\/schema.org","@graph":[{"@type":"WebPage","@id":"https:\/\/empreintesexperts.com\/reservation-en-ligne\/","url":"https:\/\/empreintesexperts.com\/reservation-en-ligne\/","name":"R\u00e9servation en ligne pour demande de pardon Laval | Empreintes Experts","isPartOf":{"@id":"https:\/\/empreintesexperts.com\/#website"},"datePublished":"2023-08-09T05:51:07+00:00","dateModified":"2025-02-13T17:42:54+00:00","description":"R\u00e9servation en ligne pour : demande de pardon, waiver Citoyennet\u00e9 Canadienne. Montreal, Laval & Rive-Nord. (450) 634-1008","breadcrumb":{"@id":"https:\/\/empreintesexperts.com\/reservation-en-ligne\/#breadcrumb"},"inLanguage":"en-CA","potentialAction":[{"@type":"ReadAction","target":["https:\/\/empreintesexperts.com\/reservation-en-ligne\/"]}]},{"@type":"BreadcrumbList","@id":"https:\/\/empreintesexperts.com\/reservation-en-ligne\/#breadcrumb","itemListElement":[{"@type":"ListItem","position":1,"name":"Home","item":"https:\/\/empreintesexperts.com\/"},{"@type":"ListItem","position":2,"name":"R\u00e9servation en ligne"}]},{"@type":"WebSite","@id":"https:\/\/empreintesexperts.com\/#website","url":"https:\/\/empreintesexperts.com\/","name":"Empreintes Experts","description":"Empreintes digitales sans rendez-vous &amp; demande de pardon - Montreal, Laval &amp; Rive-Nord","publisher":{"@id":"https:\/\/empreintesexperts.com\/#organization"},"potentialAction":[{"@type":"SearchAction","target":{"@type":"EntryPoint","urlTemplate":"https:\/\/empreintesexperts.com\/?s={search_term_string}"},"query-input":{"@type":"PropertyValueSpecification","valueRequired":true,"valueName":"search_term_string"}}],"inLanguage":"en-CA"},{"@type":"Organization","@id":"https:\/\/empreintesexperts.com\/#organization","name":"Empreintes Experts","url":"https:\/\/empreintesexperts.com\/","logo":{"@type":"ImageObject","inLanguage":"en-CA","@id":"https:\/\/empreintesexperts.com\/#\/schema\/logo\/image\/","url":"https:\/\/empreintesexperts.com\/wp-content\/uploads\/2024\/05\/Logo20modif.png","contentUrl":"https:\/\/empreintesexperts.com\/wp-content\/uploads\/2024\/05\/Logo20modif.png","width":360,"height":122,"caption":"Empreintes Experts"},"image":{"@id":"https:\/\/empreintesexperts.com\/#\/schema\/logo\/image\/"},"sameAs":["https:\/\/www.facebook.com\/people\/EmpreintesExperts\/100025624656616\/","https:\/\/ca.linkedin.com\/company\/empreintes-experts"]}]}},"_links":{"self":[{"href":"https:\/\/empreintesexperts.com\/en\/wp-json\/wp\/v2\/pages\/4477","targetHints":{"allow":["GET"]}}],"collection":[{"href":"https:\/\/empreintesexperts.com\/en\/wp-json\/wp\/v2\/pages"}],"about":[{"href":"https:\/\/empreintesexperts.com\/en\/wp-json\/wp\/v2\/types\/page"}],"author":[{"embeddable":true,"href":"https:\/\/empreintesexperts.com\/en\/wp-json\/wp\/v2\/users\/1"}],"replies":[{"embeddable":true,"href":"https:\/\/empreintesexperts.com\/en\/wp-json\/wp\/v2\/comments?post=4477"}],"version-history":[{"count":46,"href":"https:\/\/empreintesexperts.com\/en\/wp-json\/wp\/v2\/pages\/4477\/revisions"}],"predecessor-version":[{"id":7344,"href":"https:\/\/empreintesexperts.com\/en\/wp-json\/wp\/v2\/pages\/4477\/revisions\/7344"}],"wp:attachment":[{"href":"https:\/\/empreintesexperts.com\/en\/wp-json\/wp\/v2\/media?parent=4477"}],"curies":[{"name":"wp","href":"https:\/\/api.w.org\/{rel}","templated":true}]}}