{"id":4448,"date":"2023-08-09T05:15:34","date_gmt":"2023-08-09T05:15:34","guid":{"rendered":"https:\/\/webtend.site\/wp\/convis\/?page_id=4448"},"modified":"2024-06-15T17:01:05","modified_gmt":"2024-06-15T21:01:05","slug":"contact","status":"publish","type":"page","link":"https:\/\/empreintesexperts.com\/en\/contact\/","title":{"rendered":"Contact"},"content":{"rendered":"<div data-elementor-type=\"wp-page\" data-elementor-id=\"4448\" class=\"elementor elementor-4448\">\n\t\t\t\t<div class=\"elementor-element elementor-element-b3482b0 e-flex e-con-boxed e-con e-parent\" data-id=\"b3482b0\" data-element_type=\"container\" data-settings=\"{&quot;_ha_eqh_enable&quot;:false}\">\n\t\t\t\t\t<div class=\"e-con-inner\">\n\t\t<div class=\"elementor-element elementor-element-ce9a875 e-con-full e-flex e-con e-child\" data-id=\"ce9a875\" data-element_type=\"container\" data-settings=\"{&quot;_ha_eqh_enable&quot;:false}\">\n\t\t\t\t<div class=\"elementor-element elementor-element-97d0292 elementor-widget__width-initial elementor-invisible elementor-widget elementor-widget-convis-section-title\" data-id=\"97d0292\" data-element_type=\"widget\" data-settings=\"{&quot;_animation&quot;:&quot;fadeInUp&quot;,&quot;_animation_delay&quot;:300}\" data-widget_type=\"convis-section-title.default\">\n\t\t\t\t<div class=\"elementor-widget-container\">\n\t\t\t        <div class=\"convis-section-title\">\r\n                            <div class=\"subtitle\">\r\n                                            <span class=\"line\"><\/span>\r\n                    \r\n                    <span class=\"subtitle-text\">\r\n                        Contact us                    <\/span>\r\n                <\/div>\r\n            \t\t                    <h3 class=\"title\">\r\n                                            <span class=\"main-text\">\r\n                            DON'T HESITATE TO                         <\/span>\r\n\r\n                                            <span class=\"split-text\">\r\n                            CONTACT                        <\/span>\r\n                                    <\/h3>\r\n                    <\/div>\r\n\t\t\t\t<\/div>\n\t\t\t\t<\/div>\n\t\t\t\t<div class=\"elementor-element elementor-element-321d91e elementor-invisible elementor-widget elementor-widget-convis-iconic-info-box\" data-id=\"321d91e\" data-element_type=\"widget\" data-settings=\"{&quot;_animation&quot;:&quot;fadeInUp&quot;}\" data-widget_type=\"convis-iconic-info-box.default\">\n\t\t\t\t<div class=\"elementor-widget-container\">\n\t\t\t        <div class=\"convis-iconic-info-box text-left icon-left\">\r\n\t\t\t            <div class=\"box-icon\">\r\n                                    <i class=\"flaticon flaticon-location\"><\/i>                                            <\/div>\r\n\t\t            <div class=\"box-content\">\r\n\t\t\t\t                    <h4 class=\"box-title\">\r\n                        <span class=\"title-text\">Location<\/span>                    <\/h4>\r\n\r\n                    \r\n\t\t        <p class=\"description\">1811 Boulevard des Laurentides, suite 105,\n\nLaval, Qu\u00e9bec<\/p>            <\/div>\r\n\r\n            \r\n                    <\/div>\r\n\t\t\t\t<\/div>\n\t\t\t\t<\/div>\n\t\t\t\t<div class=\"elementor-element elementor-element-3516d90 elementor-invisible elementor-widget elementor-widget-convis-iconic-info-box\" data-id=\"3516d90\" data-element_type=\"widget\" data-settings=\"{&quot;_animation&quot;:&quot;fadeInUp&quot;}\" data-widget_type=\"convis-iconic-info-box.default\">\n\t\t\t\t<div class=\"elementor-widget-container\">\n\t\t\t        <div class=\"convis-iconic-info-box text-left icon-left\">\r\n\t\t\t            <div class=\"box-icon\">\r\n                                    <i class=\"flaticon flaticon-email-marketing\"><\/i>                                            <\/div>\r\n\t\t            <div class=\"box-content\">\r\n\t\t\t\t                    <h4 class=\"box-title\">\r\n                        <span class=\"title-text\">E-mail<\/span>                    <\/h4>\r\n\r\n                    \r\n\t\t        <p class=\"description\">info@empreintesexperts.ca<\/p>            <\/div>\r\n\r\n            \r\n                    <\/div>\r\n\t\t\t\t<\/div>\n\t\t\t\t<\/div>\n\t\t\t\t<div class=\"elementor-element elementor-element-73d2be4 elementor-invisible elementor-widget elementor-widget-convis-iconic-info-box\" data-id=\"73d2be4\" data-element_type=\"widget\" data-settings=\"{&quot;_animation&quot;:&quot;fadeInUp&quot;}\" data-widget_type=\"convis-iconic-info-box.default\">\n\t\t\t\t<div class=\"elementor-widget-container\">\n\t\t\t        <div class=\"convis-iconic-info-box text-left icon-left\">\r\n\t\t\t            <div class=\"box-icon\">\r\n                                    <i class=\"flaticon flaticon-telephone\"><\/i>                                            <\/div>\r\n\t\t            <div class=\"box-content\">\r\n\t\t\t\t                    <h4 class=\"box-title\">\r\n                        <span class=\"title-text\">Making a phone call<\/span>                    <\/h4>\r\n\r\n                    \r\n\t\t        <p class=\"description\">(450) 634-1008<\/p>            <\/div>\r\n\r\n            \r\n                    <\/div>\r\n\t\t\t\t<\/div>\n\t\t\t\t<\/div>\n\t\t\t\t<div class=\"elementor-element elementor-element-c2763f0 elementor-invisible elementor-widget elementor-widget-convis-iconic-info-box\" data-id=\"c2763f0\" data-element_type=\"widget\" data-settings=\"{&quot;_animation&quot;:&quot;fadeInUp&quot;}\" data-widget_type=\"convis-iconic-info-box.default\">\n\t\t\t\t<div class=\"elementor-widget-container\">\n\t\t\t        <div class=\"convis-iconic-info-box text-left icon-left\">\r\n\t\t\t            <div class=\"box-icon\">\r\n                                    <i class=\"flaticon flaticon-alarm\"><\/i>                                            <\/div>\r\n\t\t            <div class=\"box-content\">\r\n\t\t\t\t                    <h4 class=\"box-title\">\r\n                        <span class=\"title-text\">Working hours<\/span>                    <\/h4>\r\n\r\n                    \r\n\t\t        <p class=\"description\">Monday to Friday, 8:30 a.m. to 6:00 p.m.<br>\n\nSaturday 09H00 to 12H00<\/p>            <\/div>\r\n\r\n            \r\n                    <\/div>\r\n\t\t\t\t<\/div>\n\t\t\t\t<\/div>\n\t\t\t\t<\/div>\n\t\t<div class=\"elementor-element elementor-element-b485193 e-con-full e-flex e-con e-child\" data-id=\"b485193\" data-element_type=\"container\" data-settings=\"{&quot;_ha_eqh_enable&quot;:false}\">\n\t\t\t\t<div class=\"elementor-element elementor-element-d5a0a31 elementor-widget elementor-widget-convis-section-title\" data-id=\"d5a0a31\" data-element_type=\"widget\" data-widget_type=\"convis-section-title.default\">\n\t\t\t\t<div class=\"elementor-widget-container\">\n\t\t\t        <div class=\"convis-section-title\">\r\n            \t\t                    <h3 class=\"title\">\r\n                                            <span class=\"main-text\">\r\n                            Contact form                        <\/span>\r\n\r\n                                    <\/h3>\r\n                    <\/div>\r\n\t\t\t\t<\/div>\n\t\t\t\t<\/div>\n\t\t\t\t<div class=\"elementor-element elementor-element-53495aa elementor-widget elementor-widget-shortcode\" data-id=\"53495aa\" data-element_type=\"widget\" data-widget_type=\"shortcode.default\">\n\t\t\t\t<div class=\"elementor-widget-container\">\n\t\t\t\t\t<div class=\"elementor-shortcode\"><div class=\"forminator-ui forminator-custom-form forminator-custom-form-6609 forminator-design--material  forminator_ajax\" data-forminator-render=\"0\" data-form=\"forminator-module-6609\" data-uid=\"69ed124fa0d35\"><br\/><\/div><form\r\n\t\t\t\tid=\"forminator-module-6609\"\r\n\t\t\t\tclass=\"forminator-ui forminator-custom-form forminator-custom-form-6609 forminator-design--material  forminator_ajax\"\r\n\t\t\t\tmethod=\"post\"\r\n\t\t\t\tdata-forminator-render=\"0\"\r\n\t\t\t\tdata-form-id=\"6609\"\r\n\t\t\t\t data-color-option=\"default\" data-design=\"material\" data-grid=\"open\" style=\"display: none;\"\r\n\t\t\t\tdata-uid=\"69ed124fa0d35\" action=\"\"\r\n\t\t\t><div role=\"alert\" aria-live=\"polite\" class=\"forminator-response-message forminator-error\" aria-hidden=\"true\"><\/div><div class=\"forminator-row\"><div id=\"name-1\" class=\"forminator-field-name forminator-col forminator-col-12\"><div class=\"forminator-field\"><label for=\"forminator-field-name-1_69ed124fa0d35\" id=\"forminator-field-name-1_69ed124fa0d35-label\" class=\"forminator-label\">Name <span class=\"forminator-required\">*<\/span><\/label><input type=\"text\" name=\"name-1\" value=\"\" placeholder=\"\" id=\"forminator-field-name-1_69ed124fa0d35\" class=\"forminator-input forminator-name--field\" aria-required=\"true\" autocomplete=\"name\" \/><\/div><\/div><\/div><div class=\"forminator-row\"><div id=\"email-1\" class=\"forminator-field-email forminator-col forminator-col-12\"><div class=\"forminator-field\"><label for=\"forminator-field-email-1_69ed124fa0d35\" id=\"forminator-field-email-1_69ed124fa0d35-label\" class=\"forminator-label\">E-mail <span class=\"forminator-required\">*<\/span><\/label><input type=\"email\" name=\"email-1\" value=\"\" placeholder=\"E.g. john@doe.com\" id=\"forminator-field-email-1_69ed124fa0d35\" class=\"forminator-input forminator-email--field\" data-required=\"true\" aria-required=\"true\" autocomplete=\"email\" \/><\/div><\/div><\/div><div class=\"forminator-row\"><div id=\"phone-1\" class=\"forminator-field-phone forminator-col forminator-col-12\"><div class=\"forminator-field\"><label for=\"forminator-field-phone-1_69ed124fa0d35\" id=\"forminator-field-phone-1_69ed124fa0d35-label\" class=\"forminator-label\">Tel <span class=\"forminator-required\">*<\/span><\/label><input type=\"text\" name=\"phone-1\" value=\"\" placeholder=\"E.g. +1 3004005000\" id=\"forminator-field-phone-1_69ed124fa0d35\" class=\"forminator-input forminator-field--phone\" data-required=\"1\" aria-required=\"true\" autocomplete=\"off\" data-national_mode=\"disabled\" data-country=\"ca\" data-validation=\"international\" \/><\/div><\/div><\/div><div class=\"forminator-row\"><div id=\"textarea-1\" class=\"forminator-field-textarea forminator-col forminator-col-12\"><div class=\"forminator-field\"><label for=\"forminator-field-textarea-1_69ed124fa0d35\" id=\"forminator-field-textarea-1_69ed124fa0d35-label\" class=\"forminator-label\">Message<\/label><textarea name=\"textarea-1\" placeholder=\"Enter your message...\" id=\"forminator-field-textarea-1_69ed124fa0d35\" class=\"forminator-textarea\" rows=\"6\" style=\"min-height:140px;\" maxlength=\"180\" ><\/textarea><span id=\"forminator-field-textarea-1_69ed124fa0d35-description\" class=\"forminator-description\"><span data-limit=\"180\" data-type=\"characters\" data-editor=\"\">0 \/ 180<\/span><\/span><\/div><\/div><\/div><div class=\"forminator-row\"><div id=\"captcha-1\" class=\"forminator-field-captcha forminator-col forminator-col-12\"><div class=\"forminator-captcha-left forminator-g-recaptcha recaptcha-invisible\" data-theme=\"light\" data-badge=\"bottomleft\" data-sitekey=\"6LdvUucpAAAAACntslBB9k9zGYLthuuc-m5FAlyW\" data-size=\"invisible\"><\/div> <\/div><\/div><input type=\"hidden\" name=\"referer_url\" value=\"\" \/><div class=\"forminator-row forminator-row-last\"><div class=\"forminator-col\"><div class=\"forminator-field\"><button class=\"forminator-button forminator-button-submit\"><span>Send Message<\/span><span aria-hidden=\"true\"><\/span><\/button><\/div><\/div><\/div><input type=\"hidden\" id=\"forminator_nonce\" name=\"forminator_nonce\" value=\"ac1ea83784\" \/><input type=\"hidden\" name=\"_wp_http_referer\" value=\"\/en\/wp-json\/wp\/v2\/pages\/4448\" \/><input type=\"hidden\" name=\"form_id\" value=\"6609\"><input type=\"hidden\" name=\"page_id\" value=\"4448\"><input type=\"hidden\" name=\"form_type\" value=\"default\"><input type=\"hidden\" name=\"current_url\" value=\"https:\/\/empreintesexperts.com\/en\/contact\/\"><input type=\"hidden\" name=\"render_id\" value=\"0\"><input type=\"hidden\" name=\"action\" value=\"forminator_submit_form_custom-forms\"><input type=\"hidden\" name=\"trp-form-language\" value=\"en\"\/><\/form><\/div>\n\t\t\t\t<\/div>\n\t\t\t\t<\/div>\n\t\t\t\t<\/div>\n\t\t\t\t\t<\/div>\n\t\t\t\t<\/div>\n\t\t<div class=\"elementor-element elementor-element-722bc3b e-con-full e-flex e-con e-parent\" data-id=\"722bc3b\" data-element_type=\"container\" data-settings=\"{&quot;_ha_eqh_enable&quot;:false}\">\n\t\t\t\t<div class=\"elementor-element elementor-element-2f7106b elementor-widget elementor-widget-google_maps\" data-id=\"2f7106b\" data-element_type=\"widget\" data-widget_type=\"google_maps.default\">\n\t\t\t\t<div class=\"elementor-widget-container\">\n\t\t\t<style>\/*! elementor - v3.23.0 - 05-08-2024 *\/\n.elementor-widget-google_maps .elementor-widget-container{overflow:hidden}.elementor-widget-google_maps .elementor-custom-embed{line-height:0}.elementor-widget-google_maps iframe{height:300px}<\/style>\t\t<div class=\"elementor-custom-embed\">\n\t\t\t<iframe loading=\"lazy\"\n\t\t\t\t\tsrc=\"https:\/\/maps.google.com\/maps?q=1811%20Boulevard%20des%20Laurentides%2C%20suite%20105%20%20Laval%2C%20Qu%C3%A9bec&#038;t=m&#038;z=18&#038;output=embed&#038;iwloc=near\"\n\t\t\t\t\ttitle=\"1811 Boulevard des Laurentides, suite 105  Laval, Qu\u00e9bec\"\n\t\t\t\t\taria-label=\"1811 Boulevard des Laurentides, suite 105  Laval, Qu\u00e9bec\"\n\t\t\t><\/iframe>\n\t\t<\/div>\n\t\t\t\t<\/div>\n\t\t\t\t<\/div>\n\t\t\t\t<\/div>\n\t\t\t\t<\/div>","protected":false},"excerpt":{"rendered":"<p>Contactez-nous N&rsquo;H\u00c9SITEZ PAS \u00c0 NOUS CONTACTER Emplacement 1811 Boulevard des Laurentides, suite 105, Laval, Qu\u00e9bec E-mail info@empreintesexperts.ca Passer un coup de t\u00e9l\u00e9phone (450) 634-1008 Heure de travail Lundi au vendredi de 8H30 \u00e0 18H00 Samedi 09H00 \u00e0 12H00 Formulaire de contact<\/p>","protected":false},"author":1,"featured_media":0,"parent":0,"menu_order":0,"comment_status":"closed","ping_status":"closed","template":"","meta":{"content-type":"","footnotes":""},"class_list":["post-4448","page","type-page","status-publish","hentry"],"yoast_head":"<!-- This site is optimized with the Yoast SEO plugin v24.8.1 - https:\/\/yoast.com\/wordpress\/plugins\/seo\/ -->\n<title>Contact Sans rendez-vous Laval | Empreintes Experts<\/title>\n<meta name=\"description\" content=\"Contact sans rendez-vous pour : demande de pardon, waiver Citoyennet\u00e9 Canadienne. Montreal, Laval &amp; Rive-Nord. (450) 634-1008\" \/>\n<meta name=\"robots\" content=\"index, follow, max-snippet:-1, max-image-preview:large, max-video-preview:-1\" \/>\n<link rel=\"canonical\" href=\"https:\/\/empreintesexperts.com\/en\/contact\/\" \/>\n<meta property=\"og:locale\" content=\"en_US\" \/>\n<meta property=\"og:type\" content=\"article\" \/>\n<meta property=\"og:title\" content=\"Contact Sans rendez-vous Laval | Empreintes Experts\" \/>\n<meta property=\"og:description\" content=\"Contact sans rendez-vous pour : demande de pardon, waiver Citoyennet\u00e9 Canadienne. Montreal, Laval &amp; Rive-Nord. (450) 634-1008\" \/>\n<meta property=\"og:url\" content=\"https:\/\/empreintesexperts.com\/en\/contact\/\" \/>\n<meta property=\"og:site_name\" content=\"Empreintes Experts\" \/>\n<meta property=\"article:publisher\" content=\"https:\/\/www.facebook.com\/people\/EmpreintesExperts\/100025624656616\/\" \/>\n<meta property=\"article:modified_time\" content=\"2024-06-15T21:01:05+00:00\" \/>\n<meta name=\"twitter:card\" content=\"summary_large_image\" \/>\n<script type=\"application\/ld+json\" class=\"yoast-schema-graph\">{\"@context\":\"https:\/\/schema.org\",\"@graph\":[{\"@type\":\"WebPage\",\"@id\":\"https:\/\/empreintesexperts.com\/contact\/\",\"url\":\"https:\/\/empreintesexperts.com\/contact\/\",\"name\":\"Contact Sans rendez-vous Laval | Empreintes Experts\",\"isPartOf\":{\"@id\":\"https:\/\/empreintesexperts.com\/#website\"},\"datePublished\":\"2023-08-09T05:15:34+00:00\",\"dateModified\":\"2024-06-15T21:01:05+00:00\",\"description\":\"Contact sans rendez-vous pour : demande de pardon, waiver Citoyennet\u00e9 Canadienne. Montreal, Laval & Rive-Nord. (450) 634-1008\",\"breadcrumb\":{\"@id\":\"https:\/\/empreintesexperts.com\/contact\/#breadcrumb\"},\"inLanguage\":\"en-CA\",\"potentialAction\":[{\"@type\":\"ReadAction\",\"target\":[\"https:\/\/empreintesexperts.com\/contact\/\"]}]},{\"@type\":\"BreadcrumbList\",\"@id\":\"https:\/\/empreintesexperts.com\/contact\/#breadcrumb\",\"itemListElement\":[{\"@type\":\"ListItem\",\"position\":1,\"name\":\"Home\",\"item\":\"https:\/\/empreintesexperts.com\/\"},{\"@type\":\"ListItem\",\"position\":2,\"name\":\"Contact\"}]},{\"@type\":\"WebSite\",\"@id\":\"https:\/\/empreintesexperts.com\/#website\",\"url\":\"https:\/\/empreintesexperts.com\/\",\"name\":\"Empreintes Experts\",\"description\":\"Empreintes digitales sans rendez-vous &amp; demande de pardon - Montreal, Laval &amp; Rive-Nord\",\"publisher\":{\"@id\":\"https:\/\/empreintesexperts.com\/#organization\"},\"potentialAction\":[{\"@type\":\"SearchAction\",\"target\":{\"@type\":\"EntryPoint\",\"urlTemplate\":\"https:\/\/empreintesexperts.com\/?s={search_term_string}\"},\"query-input\":{\"@type\":\"PropertyValueSpecification\",\"valueRequired\":true,\"valueName\":\"search_term_string\"}}],\"inLanguage\":\"en-CA\"},{\"@type\":\"Organization\",\"@id\":\"https:\/\/empreintesexperts.com\/#organization\",\"name\":\"Empreintes Experts\",\"url\":\"https:\/\/empreintesexperts.com\/\",\"logo\":{\"@type\":\"ImageObject\",\"inLanguage\":\"en-CA\",\"@id\":\"https:\/\/empreintesexperts.com\/#\/schema\/logo\/image\/\",\"url\":\"https:\/\/empreintesexperts.com\/wp-content\/uploads\/2024\/05\/Logo20modif.png\",\"contentUrl\":\"https:\/\/empreintesexperts.com\/wp-content\/uploads\/2024\/05\/Logo20modif.png\",\"width\":360,\"height\":122,\"caption\":\"Empreintes Experts\"},\"image\":{\"@id\":\"https:\/\/empreintesexperts.com\/#\/schema\/logo\/image\/\"},\"sameAs\":[\"https:\/\/www.facebook.com\/people\/EmpreintesExperts\/100025624656616\/\",\"https:\/\/ca.linkedin.com\/company\/empreintes-experts\"]}]}<\/script>\n<!-- \/ Yoast SEO plugin. -->","yoast_head_json":{"title":"Contact Sans rendez-vous Laval | Empreintes Experts","description":"Contact sans rendez-vous pour : demande de pardon, waiver Citoyennet\u00e9 Canadienne. Montreal, Laval & Rive-Nord. (450) 634-1008","robots":{"index":"index","follow":"follow","max-snippet":"max-snippet:-1","max-image-preview":"max-image-preview:large","max-video-preview":"max-video-preview:-1"},"canonical":"https:\/\/empreintesexperts.com\/en\/contact\/","og_locale":"en_US","og_type":"article","og_title":"Contact Sans rendez-vous Laval | Empreintes Experts","og_description":"Contact sans rendez-vous pour : demande de pardon, waiver Citoyennet\u00e9 Canadienne. Montreal, Laval & Rive-Nord. (450) 634-1008","og_url":"https:\/\/empreintesexperts.com\/en\/contact\/","og_site_name":"Empreintes Experts","article_publisher":"https:\/\/www.facebook.com\/people\/EmpreintesExperts\/100025624656616\/","article_modified_time":"2024-06-15T21:01:05+00:00","twitter_card":"summary_large_image","schema":{"@context":"https:\/\/schema.org","@graph":[{"@type":"WebPage","@id":"https:\/\/empreintesexperts.com\/contact\/","url":"https:\/\/empreintesexperts.com\/contact\/","name":"Contact Sans rendez-vous Laval | Empreintes Experts","isPartOf":{"@id":"https:\/\/empreintesexperts.com\/#website"},"datePublished":"2023-08-09T05:15:34+00:00","dateModified":"2024-06-15T21:01:05+00:00","description":"Contact sans rendez-vous pour : demande de pardon, waiver Citoyennet\u00e9 Canadienne. Montreal, Laval & Rive-Nord. (450) 634-1008","breadcrumb":{"@id":"https:\/\/empreintesexperts.com\/contact\/#breadcrumb"},"inLanguage":"en-CA","potentialAction":[{"@type":"ReadAction","target":["https:\/\/empreintesexperts.com\/contact\/"]}]},{"@type":"BreadcrumbList","@id":"https:\/\/empreintesexperts.com\/contact\/#breadcrumb","itemListElement":[{"@type":"ListItem","position":1,"name":"Home","item":"https:\/\/empreintesexperts.com\/"},{"@type":"ListItem","position":2,"name":"Contact"}]},{"@type":"WebSite","@id":"https:\/\/empreintesexperts.com\/#website","url":"https:\/\/empreintesexperts.com\/","name":"Empreintes Experts","description":"Empreintes digitales sans rendez-vous &amp; demande de pardon - Montreal, Laval &amp; Rive-Nord","publisher":{"@id":"https:\/\/empreintesexperts.com\/#organization"},"potentialAction":[{"@type":"SearchAction","target":{"@type":"EntryPoint","urlTemplate":"https:\/\/empreintesexperts.com\/?s={search_term_string}"},"query-input":{"@type":"PropertyValueSpecification","valueRequired":true,"valueName":"search_term_string"}}],"inLanguage":"en-CA"},{"@type":"Organization","@id":"https:\/\/empreintesexperts.com\/#organization","name":"Empreintes Experts","url":"https:\/\/empreintesexperts.com\/","logo":{"@type":"ImageObject","inLanguage":"en-CA","@id":"https:\/\/empreintesexperts.com\/#\/schema\/logo\/image\/","url":"https:\/\/empreintesexperts.com\/wp-content\/uploads\/2024\/05\/Logo20modif.png","contentUrl":"https:\/\/empreintesexperts.com\/wp-content\/uploads\/2024\/05\/Logo20modif.png","width":360,"height":122,"caption":"Empreintes Experts"},"image":{"@id":"https:\/\/empreintesexperts.com\/#\/schema\/logo\/image\/"},"sameAs":["https:\/\/www.facebook.com\/people\/EmpreintesExperts\/100025624656616\/","https:\/\/ca.linkedin.com\/company\/empreintes-experts"]}]}},"_links":{"self":[{"href":"https:\/\/empreintesexperts.com\/en\/wp-json\/wp\/v2\/pages\/4448","targetHints":{"allow":["GET"]}}],"collection":[{"href":"https:\/\/empreintesexperts.com\/en\/wp-json\/wp\/v2\/pages"}],"about":[{"href":"https:\/\/empreintesexperts.com\/en\/wp-json\/wp\/v2\/types\/page"}],"author":[{"embeddable":true,"href":"https:\/\/empreintesexperts.com\/en\/wp-json\/wp\/v2\/users\/1"}],"replies":[{"embeddable":true,"href":"https:\/\/empreintesexperts.com\/en\/wp-json\/wp\/v2\/comments?post=4448"}],"version-history":[{"count":36,"href":"https:\/\/empreintesexperts.com\/en\/wp-json\/wp\/v2\/pages\/4448\/revisions"}],"predecessor-version":[{"id":6993,"href":"https:\/\/empreintesexperts.com\/en\/wp-json\/wp\/v2\/pages\/4448\/revisions\/6993"}],"wp:attachment":[{"href":"https:\/\/empreintesexperts.com\/en\/wp-json\/wp\/v2\/media?parent=4448"}],"curies":[{"name":"wp","href":"https:\/\/api.w.org\/{rel}","templated":true}]}}